{"id":753,"date":"2016-01-19T17:19:21","date_gmt":"2016-01-19T17:19:21","guid":{"rendered":"https:\/\/acumass.com\/sv\/history\/"},"modified":"2019-01-15T13:35:13","modified_gmt":"2019-01-15T13:35:13","slug":"history","status":"publish","type":"page","link":"https:\/\/acumass.com\/sv\/history\/","title":{"rendered":"Bakgrund"},"content":{"rendered":"<p>[vc_row row_type=&#8221;row&#8221; use_row_as_full_screen_section=&#8221;no&#8221; type=&#8221;full_width&#8221; angled_section=&#8221;no&#8221; text_align=&#8221;center&#8221; background_image=&#8221;700&#8243; background_image_as_pattern=&#8221;without_pattern&#8221; css_animation=&#8221;&#8221;][vc_column][vc_column_text el_class=&#8221;texteen1&#8243; css=&#8221;.vc_custom_1455813592785{padding-top: 100px !important;padding-right: 10px !important;padding-bottom: 100px !important;padding-left: 10px !important;}&#8221;]<\/p>\n<h1 style=\"text-align: center;\">BAKGRUND<\/h1>\n<p>&nbsp;<\/p>\n<h5 style=\"text-align: center;\">Acumass grundades 1981 som ett resultat av de gemensamma anstr\u00e4ngningarna av ett antal europeiska patentbyr\u00e5er, som alla hade samma m\u00e5ls\u00e4ttning att s\u00e4kerst\u00e4lla patent- och varum\u00e4rkesf\u00f6rnyelser i utlandet till en reducerad kostnad genom volymhantering.<\/h5>\n<p>[\/vc_column_text][\/vc_column][\/vc_row][vc_row row_type=&#8221;row&#8221; use_row_as_full_screen_section=&#8221;no&#8221; type=&#8221;full_width&#8221; angled_section=&#8221;no&#8221; text_align=&#8221;left&#8221; background_image_as_pattern=&#8221;without_pattern&#8221; css_animation=&#8221;&#8221;][vc_column][vc_row_inner row_type=&#8221;row&#8221; type=&#8221;grid&#8221; text_align=&#8221;left&#8221; css_animation=&#8221;&#8221;][vc_column_inner css=&#8221;.vc_custom_1453224996350{margin-top: 100px !important;margin-bottom: 100px !important;}&#8221;][vc_column_text el_class=&#8221;bigtextareastyle&#8221;]<\/p>\n<p style=\"text-align: left;\">Det som startade som en v\u00e4l fungerande operation f\u00f6r patent\u00e5rsavgifter baserad i Paris f\u00f6r i huvudsak europeiska kunder har nu blivit en global organisation med kontor i Sverige, Peking och nu senast i San Francisco.<\/p>\n<p style=\"text-align: left;\">Underh\u00e5llet av betalningarna f\u00f6r en portf\u00f6lj med immateriella r\u00e4ttigheter \u00e4r ofta f\u00f6renat med on\u00f6digt stora kostnader f\u00f6r innehavarna, s\u00e5v\u00e4l pengam\u00e4ssigt som tidsm\u00e4ssigt. V\u00e5ra kunder \u00f6verl\u00e4mnar ansvaret f\u00f6r \u00e5rsavgifterna till v\u00e5ra specialister som skr\u00e4ddarsyr p\u00e5minnelser och betalningssystem s\u00e5 att inga betalningar missas, inga \u00e4renden g\u00e5r f\u00f6rlorade och inga funderingar runt uppr\u00e4tth\u00e5llandet av f\u00f6rnyelsebetalningar beh\u00f6ver tynga sinnet p\u00e5 en portf\u00f6ljinnehavare igen \u2013 enkelt uttryckt, Acumass erbjuder tj\u00e4nster som g\u00f6r livet lite l\u00e4ttare.<\/p>\n<p style=\"text-align: left;\">Acumass bevakar f\u00f6r n\u00e4rvarande ett v\u00e4ldigt stort antal portf\u00f6ljer med industriella r\u00e4ttigheter och verkst\u00e4ller betalningar f\u00f6r v\u00e5ra kunders r\u00e4kning i varje enskilt land \u00f6ver hela v\u00e4rlden. Dessutom erbjuder vi \u00e4ven en fullst\u00e4ndig outsourcingl\u00f6sning till f\u00f6retag som inte \u00f6nskar anst\u00e4lla och l\u00e4ra upp egen personal f\u00f6r dessa \u00e4ndam\u00e5l. Oavsett vad du \u00e4n har f\u00f6r behov n\u00e4r det g\u00e4ller att finna l\u00f6sningar f\u00f6r bevakning av f\u00f6rfallodagar och betalningar av f\u00f6rnyelseavgifter, s\u00e5 finns vi h\u00e4r f\u00f6r att hj\u00e4lpa dig uppt\u00e4cka och implementera dessa.<\/p>\n<p style=\"text-align: left;\">F\u00f6r 35 \u00e5r sedan etablerades Acumass som ett f\u00f6retag specialiserat p\u00e5 betalningar av f\u00f6rnyelseavgifter med h\u00f6gkvalitativa kostnadseffektiva tj\u00e4nster; och detta g\u00e4ller \u00e4n idag.<\/p>\n<hr \/>\n<p style=\"text-align: left;\">Nedan f\u00f6ljer en lista med v\u00e5ra aktie\u00e4gare och partners med linkar till deras respektive hemsidor:<\/p>\n<p style=\"text-align: left;\"><a href=\"http:\/\/www.cabinetbeaudelomenie.fr\" target=\"_blank\" rel=\"noopener\">Cabinet Beau de Lom\u00e9nie\u00a0<\/a><br \/>\n<a href=\"http:\/\/www.cabinet-lavoix.com\" target=\"_blank\" rel=\"noopener\">Cabinet Lavoix\u00a0<\/a><br \/>\n<a href=\"http:\/\/www.plasseraud.fr\" target=\"_blank\" rel=\"noopener\">Cabinet Plasseraud\u00a0<\/a><br \/>\n<a href=\"http:\/\/www.regimbeau.fr\" target=\"_blank\" rel=\"noopener\">Cabinet Regimbeau\u00a0<\/a><br \/>\n<a href=\"http:\/\/www.casalonga.fr\" target=\"_blank\" rel=\"noopener\">Casalonga &amp; associ\u00e9s\u00a0<\/a><br \/>\n<a href=\"http:\/\/www.egyp.fr\" target=\"_blank\" rel=\"noopener\">Cabinet EGYP\u00a0<\/a><br \/>\n<a href=\"http:\/\/www.santarelli.fr\" target=\"_blank\" rel=\"noopener\">Cabinet Santarelli\u00a0<\/a><br \/>\n<a href=\"http:\/\/www.laurentcharras.com\" target=\"_blank\" rel=\"noopener\">Cabinet Laurent &amp; Charras\u00a0<\/a><br \/>\n<a href=\"http:\/\/www.brevalex.com\" target=\"_blank\" rel=\"noopener\">Cabinet Brevalex\u00a0<\/a><br \/>\n<a href=\"http:\/\/www.watson-band.com.cn\" target=\"_blank\" rel=\"noopener\">Watson &amp; Band\u00a0<\/a><\/p>\n<p>[\/vc_column_text][\/vc_column_inner][\/vc_row_inner][\/vc_column][\/vc_row]<\/p>\n","protected":false},"excerpt":{"rendered":"<p>[vc_row row_type=&#8221;row&#8221; use_row_as_full_screen_section=&#8221;no&#8221; type=&#8221;full_width&#8221; angled_section=&#8221;no&#8221; text_align=&#8221;center&#8221; background_image=&#8221;700&#8243; background_image_as_pattern=&#8221;without_pattern&#8221; css_animation=&#8221;&#8221;][vc_column][vc_column_text el_class=&#8221;texteen1&#8243; css=&#8221;.vc_custom_1455813592785{padding-top: 100px !important;padding-right: 10px !important;padding-bottom: 100px !important;padding-left: 10px !important;}&#8221;] BAKGRUND&#8230;<\/p>\n","protected":false},"author":4,"featured_media":0,"parent":0,"menu_order":0,"comment_status":"closed","ping_status":"closed","template":"full_width.php","meta":{"_monsterinsights_skip_tracking":false,"_monsterinsights_sitenote_active":false,"_monsterinsights_sitenote_note":"","_monsterinsights_sitenote_category":0},"yoast_head":"<!-- This site is optimized with the Yoast SEO plugin v17.5 - https:\/\/yoast.com\/wordpress\/plugins\/seo\/ -->\n<meta name=\"description\" content=\"Patent annuity - Trademark renewal - Maintenance of industrial property rights\" \/>\n<meta name=\"robots\" content=\"index, follow, max-snippet:-1, max-image-preview:large, max-video-preview:-1\" \/>\n<link rel=\"canonical\" href=\"https:\/\/acumass.com\/sv\/history\/\" \/>\n<meta name=\"twitter:card\" content=\"summary\" \/>\n<meta name=\"twitter:title\" content=\"Bakgrund - Acumass\" \/>\n<meta name=\"twitter:description\" content=\"Patent annuity - Trademark renewal - Maintenance of industrial property rights\" \/>\n<meta name=\"twitter:site\" content=\"@Acumass\" \/>\n<meta name=\"twitter:label1\" content=\"Ber\u00e4knad l\u00e4stid\" \/>\n\t<meta name=\"twitter:data1\" content=\"2 minuter\" \/>\n<script type=\"application\/ld+json\" class=\"yoast-schema-graph\">{\"@context\":\"https:\/\/schema.org\",\"@graph\":[{\"@type\":\"Organization\",\"@id\":\"https:\/\/acumass.com\/fr\/#organization\",\"name\":\"Acumass\",\"url\":\"https:\/\/acumass.com\/fr\/\",\"sameAs\":[\"https:\/\/www.facebook.com\/Acumass\/\",\"https:\/\/www.instagram.com\/acumass_iprenewals\/?hl=en\",\"https:\/\/www.linkedin.com\/company\/acumass\",\"https:\/\/www.youtube.com\/channel\/UCuWuTEyRA-FhA4WHj7UbErg\",\"https:\/\/twitter.com\/Acumass\"],\"logo\":{\"@type\":\"ImageObject\",\"@id\":\"https:\/\/acumass.com\/fr\/#logo\",\"inLanguage\":\"sv-SE\",\"url\":\"https:\/\/acumass.com\/wp-content\/uploads\/2016\/02\/Acumass-login.png\",\"contentUrl\":\"https:\/\/acumass.com\/wp-content\/uploads\/2016\/02\/Acumass-login.png\",\"width\":320,\"height\":180,\"caption\":\"Acumass\"},\"image\":{\"@id\":\"https:\/\/acumass.com\/fr\/#logo\"}},{\"@type\":\"WebSite\",\"@id\":\"https:\/\/acumass.com\/fr\/#website\",\"url\":\"https:\/\/acumass.com\/fr\/\",\"name\":\"Acumass\",\"description\":\"Professional maintenance of intellectual property renewal payments.\",\"publisher\":{\"@id\":\"https:\/\/acumass.com\/fr\/#organization\"},\"potentialAction\":[{\"@type\":\"SearchAction\",\"target\":{\"@type\":\"EntryPoint\",\"urlTemplate\":\"https:\/\/acumass.com\/fr\/?s={search_term_string}\"},\"query-input\":\"required name=search_term_string\"}],\"inLanguage\":\"sv-SE\"},{\"@type\":\"WebPage\",\"@id\":\"https:\/\/acumass.com\/sv\/history\/#webpage\",\"url\":\"https:\/\/acumass.com\/sv\/history\/\",\"name\":\"Bakgrund - Acumass\",\"isPartOf\":{\"@id\":\"https:\/\/acumass.com\/fr\/#website\"},\"datePublished\":\"2016-01-19T17:19:21+00:00\",\"dateModified\":\"2019-01-15T13:35:13+00:00\",\"description\":\"Patent annuity - Trademark renewal - Maintenance of industrial property rights\",\"breadcrumb\":{\"@id\":\"https:\/\/acumass.com\/sv\/history\/#breadcrumb\"},\"inLanguage\":\"sv-SE\",\"potentialAction\":[{\"@type\":\"ReadAction\",\"target\":[\"https:\/\/acumass.com\/sv\/history\/\"]}]},{\"@type\":\"BreadcrumbList\",\"@id\":\"https:\/\/acumass.com\/sv\/history\/#breadcrumb\",\"itemListElement\":[{\"@type\":\"ListItem\",\"position\":1,\"name\":\"Home\",\"item\":\"https:\/\/acumass.com\/sv\/\"},{\"@type\":\"ListItem\",\"position\":2,\"name\":\"Bakgrund\"}]}]}<\/script>\n<!-- \/ Yoast SEO plugin. -->","yoast_head_json":{"description":"Patent annuity - Trademark renewal - Maintenance of industrial property rights","robots":{"index":"index","follow":"follow","max-snippet":"max-snippet:-1","max-image-preview":"max-image-preview:large","max-video-preview":"max-video-preview:-1"},"canonical":"https:\/\/acumass.com\/sv\/history\/","twitter_card":"summary","twitter_title":"Bakgrund - Acumass","twitter_description":"Patent annuity - Trademark renewal - Maintenance of industrial property rights","twitter_site":"@Acumass","twitter_misc":{"Ber\u00e4knad l\u00e4stid":"2 minuter"},"schema":{"@context":"https:\/\/schema.org","@graph":[{"@type":"Organization","@id":"https:\/\/acumass.com\/fr\/#organization","name":"Acumass","url":"https:\/\/acumass.com\/fr\/","sameAs":["https:\/\/www.facebook.com\/Acumass\/","https:\/\/www.instagram.com\/acumass_iprenewals\/?hl=en","https:\/\/www.linkedin.com\/company\/acumass","https:\/\/www.youtube.com\/channel\/UCuWuTEyRA-FhA4WHj7UbErg","https:\/\/twitter.com\/Acumass"],"logo":{"@type":"ImageObject","@id":"https:\/\/acumass.com\/fr\/#logo","inLanguage":"sv-SE","url":"https:\/\/acumass.com\/wp-content\/uploads\/2016\/02\/Acumass-login.png","contentUrl":"https:\/\/acumass.com\/wp-content\/uploads\/2016\/02\/Acumass-login.png","width":320,"height":180,"caption":"Acumass"},"image":{"@id":"https:\/\/acumass.com\/fr\/#logo"}},{"@type":"WebSite","@id":"https:\/\/acumass.com\/fr\/#website","url":"https:\/\/acumass.com\/fr\/","name":"Acumass","description":"Professional maintenance of intellectual property renewal payments.","publisher":{"@id":"https:\/\/acumass.com\/fr\/#organization"},"potentialAction":[{"@type":"SearchAction","target":{"@type":"EntryPoint","urlTemplate":"https:\/\/acumass.com\/fr\/?s={search_term_string}"},"query-input":"required name=search_term_string"}],"inLanguage":"sv-SE"},{"@type":"WebPage","@id":"https:\/\/acumass.com\/sv\/history\/#webpage","url":"https:\/\/acumass.com\/sv\/history\/","name":"Bakgrund - Acumass","isPartOf":{"@id":"https:\/\/acumass.com\/fr\/#website"},"datePublished":"2016-01-19T17:19:21+00:00","dateModified":"2019-01-15T13:35:13+00:00","description":"Patent annuity - Trademark renewal - Maintenance of industrial property rights","breadcrumb":{"@id":"https:\/\/acumass.com\/sv\/history\/#breadcrumb"},"inLanguage":"sv-SE","potentialAction":[{"@type":"ReadAction","target":["https:\/\/acumass.com\/sv\/history\/"]}]},{"@type":"BreadcrumbList","@id":"https:\/\/acumass.com\/sv\/history\/#breadcrumb","itemListElement":[{"@type":"ListItem","position":1,"name":"Home","item":"https:\/\/acumass.com\/sv\/"},{"@type":"ListItem","position":2,"name":"Bakgrund"}]}]}},"_links":{"self":[{"href":"https:\/\/acumass.com\/sv\/wp-json\/wp\/v2\/pages\/753"}],"collection":[{"href":"https:\/\/acumass.com\/sv\/wp-json\/wp\/v2\/pages"}],"about":[{"href":"https:\/\/acumass.com\/sv\/wp-json\/wp\/v2\/types\/page"}],"author":[{"embeddable":true,"href":"https:\/\/acumass.com\/sv\/wp-json\/wp\/v2\/users\/4"}],"replies":[{"embeddable":true,"href":"https:\/\/acumass.com\/sv\/wp-json\/wp\/v2\/comments?post=753"}],"version-history":[{"count":12,"href":"https:\/\/acumass.com\/sv\/wp-json\/wp\/v2\/pages\/753\/revisions"}],"predecessor-version":[{"id":2762,"href":"https:\/\/acumass.com\/sv\/wp-json\/wp\/v2\/pages\/753\/revisions\/2762"}],"wp:attachment":[{"href":"https:\/\/acumass.com\/sv\/wp-json\/wp\/v2\/media?parent=753"}],"curies":[{"name":"wp","href":"https:\/\/api.w.org\/{rel}","templated":true}]}}