{"id":750,"date":"2016-01-20T09:28:20","date_gmt":"2016-01-20T09:28:20","guid":{"rendered":"https:\/\/acumass.com\/sv\/our-team\/"},"modified":"2020-07-08T08:48:10","modified_gmt":"2020-07-08T08:48:10","slug":"our-team","status":"publish","type":"page","link":"https:\/\/acumass.com\/sv\/our-team\/","title":{"rendered":"Our Team"},"content":{"rendered":"<p>[vc_row row_type=&#8221;row&#8221; use_row_as_full_screen_section=&#8221;no&#8221; type=&#8221;full_width&#8221; angled_section=&#8221;no&#8221; text_align=&#8221;left&#8221; background_image=&#8221;720&#8243; background_image_as_pattern=&#8221;without_pattern&#8221; css_animation=&#8221;&#8221; css=&#8221;.vc_custom_1453807663642{margin-bottom: 25px !important;}&#8221;][vc_column][vc_column_text css=&#8221;.vc_custom_1455534114348{padding-top: 100px !important;padding-right: 10px !important;padding-bottom: 100px !important;padding-left: 10px !important;}&#8221; el_class=&#8221;texteen1&#8243;]<\/p>\n<h1 style=\"text-align: center;\">MEDARBETARE<\/h1>\n<h5 style=\"text-align: center;\">VI \u00c4R REDO F\u00d6R DINA EVENTUELLA FR\u00c5GOR OCH SKULLE G\u00c4RNA H\u00d6RA IFR\u00c5N DIG<\/h5>\n<p>[\/vc_column_text][\/vc_column][\/vc_row][vc_row row_type=&#8221;row&#8221; use_row_as_full_screen_section=&#8221;no&#8221; type=&#8221;grid&#8221; angled_section=&#8221;no&#8221; text_align=&#8221;left&#8221; background_image_as_pattern=&#8221;without_pattern&#8221; css_animation=&#8221;&#8221; css=&#8221;.vc_custom_1453290674134{margin-top: 100px !important;margin-right: 15px !important;margin-bottom: 100px !important;margin-left: 15px !important;}&#8221;][vc_column width=&#8221;1\/3&#8243; el_class=&#8221;officeoo&#8221;][vc_single_image image=&#8221;2250&#8243; img_size=&#8221;medium&#8221; alignment=&#8221;center&#8221; qode_css_animation=&#8221;&#8221;][\/vc_column][vc_column width=&#8221;2\/3&#8243;][vc_row_inner row_type=&#8221;row&#8221; type=&#8221;full_width&#8221; text_align=&#8221;left&#8221; css_animation=&#8221;&#8221;][vc_column_inner][vc_column_text el_class=&#8221;descblock&#8221;]<\/p>\n<h2><span lang=\"SV\" style=\"color: #6b6b6b;\">Olivier Barloy<\/span><\/h2>\n<h3><span lang=\"EN-US\" style=\"color: #828282;\">CEO\u00a0of Acumass<\/span><\/h3>\n<p>Olivier \u00e4r civilingenj\u00f6r och har lett v\u00e5r f\u00f6retagsgrupp sedan 2001. Dessf\u00f6rinnan innehade han ansvaret f\u00f6r IT-avdelningen hos en av v\u00e5ra \u00e4garbyr\u00e5er under 10 \u00e5rs tid. Vid sidan av sitt modersm\u00e5l franska, talar han b\u00e5de engelska och svenska flytande.<\/p>\n<p><span style=\"color: #27b889;\">barloy@acumass.com<\/span>[\/vc_column_text][\/vc_column_inner][\/vc_row_inner][\/vc_column][\/vc_row][vc_row row_type=&#8221;row&#8221; use_row_as_full_screen_section=&#8221;no&#8221; type=&#8221;grid&#8221; angled_section=&#8221;no&#8221; text_align=&#8221;left&#8221; background_image_as_pattern=&#8221;without_pattern&#8221; css_animation=&#8221;&#8221; css=&#8221;.vc_custom_1453290674134{margin-top: 100px !important;margin-right: 15px !important;margin-bottom: 100px !important;margin-left: 15px !important;}&#8221;][vc_column width=&#8221;1\/3&#8243; el_class=&#8221;officeoo&#8221;][vc_single_image image=&#8221;2445&#8243; img_size=&#8221;medium&#8221; alignment=&#8221;center&#8221; qode_css_animation=&#8221;&#8221;][\/vc_column][vc_column width=&#8221;2\/3&#8243;][vc_row_inner row_type=&#8221;row&#8221; type=&#8221;full_width&#8221; text_align=&#8221;left&#8221; css_animation=&#8221;&#8221;][vc_column_inner][vc_column_text el_class=&#8221;descblock&#8221;]<\/p>\n<h2><span lang=\"SV\" style=\"color: #6b6b6b;\">Peder Carlborn<\/span><\/h2>\n<h3><span lang=\"EN-US\" style=\"color: #828282;\">VP International Operations \/ Deputy CEO<\/span><\/h3>\n<p>Peder \u00e4r jurist med 30 \u00e5rs erfarenhet fr\u00e5n arbete i ledande positioner med internationella administrativa betalningsl\u00f6sningar. Han \u00e4r ansvarig f\u00f6r f\u00f6retagets internationella expansion samt verksamheten i de utl\u00e4ndska dotterbolagen. Han talar b\u00e5de engelska och franska flytande.<\/p>\n<p><span style=\"color: #27b889;\">carlborn@acumass.com<\/span>[\/vc_column_text][\/vc_column_inner][\/vc_row_inner][\/vc_column][\/vc_row]<\/p>\n","protected":false},"excerpt":{"rendered":"<p>[vc_row row_type=&#8221;row&#8221; use_row_as_full_screen_section=&#8221;no&#8221; type=&#8221;full_width&#8221; angled_section=&#8221;no&#8221; text_align=&#8221;left&#8221; background_image=&#8221;720&#8243; background_image_as_pattern=&#8221;without_pattern&#8221; css_animation=&#8221;&#8221; css=&#8221;.vc_custom_1453807663642{margin-bottom: 25px !important;}&#8221;][vc_column][vc_column_text css=&#8221;.vc_custom_1455534114348{padding-top: 100px !important;padding-right: 10px !important;padding-bottom: 100px !important;padding-left: 10px&#8230;<\/p>\n","protected":false},"author":4,"featured_media":0,"parent":0,"menu_order":0,"comment_status":"closed","ping_status":"closed","template":"full_width.php","meta":{"_monsterinsights_skip_tracking":false,"_monsterinsights_sitenote_active":false,"_monsterinsights_sitenote_note":"","_monsterinsights_sitenote_category":0},"yoast_head":"<!-- This site is optimized with the Yoast SEO plugin v17.5 - https:\/\/yoast.com\/wordpress\/plugins\/seo\/ -->\n<meta name=\"description\" content=\"Patent annuity - Trademark renewal - Maintenance of industrial property rights\" \/>\n<meta name=\"robots\" content=\"index, follow, max-snippet:-1, max-image-preview:large, max-video-preview:-1\" \/>\n<link rel=\"canonical\" href=\"https:\/\/acumass.com\/sv\/our-team\/\" \/>\n<meta name=\"twitter:card\" content=\"summary\" \/>\n<meta name=\"twitter:title\" content=\"Our Team - Acumass\" \/>\n<meta name=\"twitter:description\" content=\"Patent annuity - Trademark renewal - Maintenance of industrial property rights\" \/>\n<meta name=\"twitter:site\" content=\"@Acumass\" \/>\n<meta name=\"twitter:label1\" content=\"Ber\u00e4knad l\u00e4stid\" \/>\n\t<meta name=\"twitter:data1\" content=\"2 minuter\" \/>\n<script type=\"application\/ld+json\" class=\"yoast-schema-graph\">{\"@context\":\"https:\/\/schema.org\",\"@graph\":[{\"@type\":\"Organization\",\"@id\":\"https:\/\/acumass.com\/fr\/#organization\",\"name\":\"Acumass\",\"url\":\"https:\/\/acumass.com\/fr\/\",\"sameAs\":[\"https:\/\/www.facebook.com\/Acumass\/\",\"https:\/\/www.instagram.com\/acumass_iprenewals\/?hl=en\",\"https:\/\/www.linkedin.com\/company\/acumass\",\"https:\/\/www.youtube.com\/channel\/UCuWuTEyRA-FhA4WHj7UbErg\",\"https:\/\/twitter.com\/Acumass\"],\"logo\":{\"@type\":\"ImageObject\",\"@id\":\"https:\/\/acumass.com\/fr\/#logo\",\"inLanguage\":\"sv-SE\",\"url\":\"https:\/\/acumass.com\/wp-content\/uploads\/2016\/02\/Acumass-login.png\",\"contentUrl\":\"https:\/\/acumass.com\/wp-content\/uploads\/2016\/02\/Acumass-login.png\",\"width\":320,\"height\":180,\"caption\":\"Acumass\"},\"image\":{\"@id\":\"https:\/\/acumass.com\/fr\/#logo\"}},{\"@type\":\"WebSite\",\"@id\":\"https:\/\/acumass.com\/fr\/#website\",\"url\":\"https:\/\/acumass.com\/fr\/\",\"name\":\"Acumass\",\"description\":\"Professional maintenance of intellectual property renewal payments.\",\"publisher\":{\"@id\":\"https:\/\/acumass.com\/fr\/#organization\"},\"potentialAction\":[{\"@type\":\"SearchAction\",\"target\":{\"@type\":\"EntryPoint\",\"urlTemplate\":\"https:\/\/acumass.com\/fr\/?s={search_term_string}\"},\"query-input\":\"required name=search_term_string\"}],\"inLanguage\":\"sv-SE\"},{\"@type\":\"WebPage\",\"@id\":\"https:\/\/acumass.com\/sv\/our-team\/#webpage\",\"url\":\"https:\/\/acumass.com\/sv\/our-team\/\",\"name\":\"Our Team - Acumass\",\"isPartOf\":{\"@id\":\"https:\/\/acumass.com\/fr\/#website\"},\"datePublished\":\"2016-01-20T09:28:20+00:00\",\"dateModified\":\"2020-07-08T08:48:10+00:00\",\"description\":\"Patent annuity - Trademark renewal - Maintenance of industrial property rights\",\"breadcrumb\":{\"@id\":\"https:\/\/acumass.com\/sv\/our-team\/#breadcrumb\"},\"inLanguage\":\"sv-SE\",\"potentialAction\":[{\"@type\":\"ReadAction\",\"target\":[\"https:\/\/acumass.com\/sv\/our-team\/\"]}]},{\"@type\":\"BreadcrumbList\",\"@id\":\"https:\/\/acumass.com\/sv\/our-team\/#breadcrumb\",\"itemListElement\":[{\"@type\":\"ListItem\",\"position\":1,\"name\":\"Home\",\"item\":\"https:\/\/acumass.com\/sv\/\"},{\"@type\":\"ListItem\",\"position\":2,\"name\":\"Our Team\"}]}]}<\/script>\n<!-- \/ Yoast SEO plugin. -->","yoast_head_json":{"description":"Patent annuity - Trademark renewal - Maintenance of industrial property rights","robots":{"index":"index","follow":"follow","max-snippet":"max-snippet:-1","max-image-preview":"max-image-preview:large","max-video-preview":"max-video-preview:-1"},"canonical":"https:\/\/acumass.com\/sv\/our-team\/","twitter_card":"summary","twitter_title":"Our Team - Acumass","twitter_description":"Patent annuity - Trademark renewal - Maintenance of industrial property rights","twitter_site":"@Acumass","twitter_misc":{"Ber\u00e4knad l\u00e4stid":"2 minuter"},"schema":{"@context":"https:\/\/schema.org","@graph":[{"@type":"Organization","@id":"https:\/\/acumass.com\/fr\/#organization","name":"Acumass","url":"https:\/\/acumass.com\/fr\/","sameAs":["https:\/\/www.facebook.com\/Acumass\/","https:\/\/www.instagram.com\/acumass_iprenewals\/?hl=en","https:\/\/www.linkedin.com\/company\/acumass","https:\/\/www.youtube.com\/channel\/UCuWuTEyRA-FhA4WHj7UbErg","https:\/\/twitter.com\/Acumass"],"logo":{"@type":"ImageObject","@id":"https:\/\/acumass.com\/fr\/#logo","inLanguage":"sv-SE","url":"https:\/\/acumass.com\/wp-content\/uploads\/2016\/02\/Acumass-login.png","contentUrl":"https:\/\/acumass.com\/wp-content\/uploads\/2016\/02\/Acumass-login.png","width":320,"height":180,"caption":"Acumass"},"image":{"@id":"https:\/\/acumass.com\/fr\/#logo"}},{"@type":"WebSite","@id":"https:\/\/acumass.com\/fr\/#website","url":"https:\/\/acumass.com\/fr\/","name":"Acumass","description":"Professional maintenance of intellectual property renewal payments.","publisher":{"@id":"https:\/\/acumass.com\/fr\/#organization"},"potentialAction":[{"@type":"SearchAction","target":{"@type":"EntryPoint","urlTemplate":"https:\/\/acumass.com\/fr\/?s={search_term_string}"},"query-input":"required name=search_term_string"}],"inLanguage":"sv-SE"},{"@type":"WebPage","@id":"https:\/\/acumass.com\/sv\/our-team\/#webpage","url":"https:\/\/acumass.com\/sv\/our-team\/","name":"Our Team - Acumass","isPartOf":{"@id":"https:\/\/acumass.com\/fr\/#website"},"datePublished":"2016-01-20T09:28:20+00:00","dateModified":"2020-07-08T08:48:10+00:00","description":"Patent annuity - Trademark renewal - Maintenance of industrial property rights","breadcrumb":{"@id":"https:\/\/acumass.com\/sv\/our-team\/#breadcrumb"},"inLanguage":"sv-SE","potentialAction":[{"@type":"ReadAction","target":["https:\/\/acumass.com\/sv\/our-team\/"]}]},{"@type":"BreadcrumbList","@id":"https:\/\/acumass.com\/sv\/our-team\/#breadcrumb","itemListElement":[{"@type":"ListItem","position":1,"name":"Home","item":"https:\/\/acumass.com\/sv\/"},{"@type":"ListItem","position":2,"name":"Our Team"}]}]}},"_links":{"self":[{"href":"https:\/\/acumass.com\/sv\/wp-json\/wp\/v2\/pages\/750"}],"collection":[{"href":"https:\/\/acumass.com\/sv\/wp-json\/wp\/v2\/pages"}],"about":[{"href":"https:\/\/acumass.com\/sv\/wp-json\/wp\/v2\/types\/page"}],"author":[{"embeddable":true,"href":"https:\/\/acumass.com\/sv\/wp-json\/wp\/v2\/users\/4"}],"replies":[{"embeddable":true,"href":"https:\/\/acumass.com\/sv\/wp-json\/wp\/v2\/comments?post=750"}],"version-history":[{"count":7,"href":"https:\/\/acumass.com\/sv\/wp-json\/wp\/v2\/pages\/750\/revisions"}],"predecessor-version":[{"id":3181,"href":"https:\/\/acumass.com\/sv\/wp-json\/wp\/v2\/pages\/750\/revisions\/3181"}],"wp:attachment":[{"href":"https:\/\/acumass.com\/sv\/wp-json\/wp\/v2\/media?parent=750"}],"curies":[{"name":"wp","href":"https:\/\/api.w.org\/{rel}","templated":true}]}}