{"id":548,"date":"2016-01-20T09:28:20","date_gmt":"2016-01-20T09:28:20","guid":{"rendered":"https:\/\/acumass.com\/en\/?page_id=548"},"modified":"2021-09-08T10:19:29","modified_gmt":"2021-09-08T10:19:29","slug":"team","status":"publish","type":"page","link":"https:\/\/acumass.com\/en\/team\/","title":{"rendered":"Team"},"content":{"rendered":"<p>[vc_row row_type=&#8221;row&#8221; use_row_as_full_screen_section=&#8221;no&#8221; type=&#8221;full_width&#8221; angled_section=&#8221;no&#8221; text_align=&#8221;left&#8221; background_image=&#8221;720&#8243; background_image_as_pattern=&#8221;without_pattern&#8221; css_animation=&#8221;&#8221; css=&#8221;.vc_custom_1453807663642{margin-bottom: 25px !important;}&#8221;][vc_column][vc_column_text css=&#8221;.vc_custom_1454350316551{padding-top: 100px !important;padding-right: 10px !important;padding-bottom: 100px !important;padding-left: 10px !important;}&#8221; el_class=&#8221;texteen1&#8243;]<\/p>\n<h1 style=\"text-align: center;\">OUR TEAM<\/h1>\n<h5 style=\"text-align: center;\">We\u2019re ready for any questions you may have. We\u2019d be delighted to hear from you.<\/h5>\n<p>[\/vc_column_text][\/vc_column][\/vc_row][vc_row row_type=&#8221;row&#8221; use_row_as_full_screen_section=&#8221;no&#8221; type=&#8221;grid&#8221; angled_section=&#8221;no&#8221; text_align=&#8221;left&#8221; background_image_as_pattern=&#8221;without_pattern&#8221; css_animation=&#8221;&#8221; css=&#8221;.vc_custom_1453290674134{margin-top: 100px !important;margin-right: 15px !important;margin-bottom: 100px !important;margin-left: 15px !important;}&#8221;][vc_column width=&#8221;1\/3&#8243; el_class=&#8221;officeoo&#8221;][vc_single_image image=&#8221;553&#8243; img_size=&#8221;medium&#8221; alignment=&#8221;center&#8221; qode_css_animation=&#8221;&#8221;][\/vc_column][vc_column width=&#8221;2\/3&#8243;][vc_row_inner row_type=&#8221;row&#8221; type=&#8221;full_width&#8221; text_align=&#8221;left&#8221; css_animation=&#8221;&#8221;][vc_column_inner][vc_column_text el_class=&#8221;descblock&#8221;]<\/p>\n<h2><span lang=\"SV\" style=\"color: #6b6b6b;\">Olivier Barloy<\/span><\/h2>\n<h3><span lang=\"EN-US\" style=\"color: #828282;\">CEO of Acumass<\/span><\/h3>\n<p>Mr. Barloy, an engineer; has managed the Acumass Group for more than 20 years now having stepped in to the role from one of our shareholding firms in which he invested ten years of his service. Mr.Barloy is a native French speaker fluent in English and Swedish.<\/p>\n<p><span style=\"color: #27b889;\">barloy@acumass.com<\/span><\/p>\n<p>[\/vc_column_text][\/vc_column_inner][\/vc_row_inner][\/vc_column][\/vc_row][vc_row row_type=&#8221;row&#8221; use_row_as_full_screen_section=&#8221;no&#8221; type=&#8221;grid&#8221; angled_section=&#8221;no&#8221; text_align=&#8221;left&#8221; background_image_as_pattern=&#8221;without_pattern&#8221; css_animation=&#8221;&#8221; css=&#8221;.vc_custom_1453290674134{margin-top: 100px !important;margin-right: 15px !important;margin-bottom: 100px !important;margin-left: 15px !important;}&#8221;][vc_column width=&#8221;1\/3&#8243; el_class=&#8221;officeoo&#8221;][vc_single_image image=&#8221;1305&#8243; img_size=&#8221;medium&#8221; alignment=&#8221;center&#8221; qode_css_animation=&#8221;&#8221;][\/vc_column][vc_column width=&#8221;2\/3&#8243;][vc_row_inner row_type=&#8221;row&#8221; type=&#8221;full_width&#8221; text_align=&#8221;left&#8221; css_animation=&#8221;&#8221;][vc_column_inner][vc_column_text el_class=&#8221;descblock&#8221;]<\/p>\n<h2><span lang=\"SV\" style=\"color: #6b6b6b;\">Peder Carlborn<\/span><\/h2>\n<h3><span lang=\"EN-US\" style=\"color: #828282;\">VP International Operations \/ Deputy CEO<\/span><\/h3>\n<p>Mr. Carlborn has a Master\u2019s degree in Law and 30 years of experience from leading positions working with international administrative payment services. He is responsible for the company\u2019s international expansion and our foreign subsidiaries. Mr. Carlborn is a native\u00a0Swedish speaker fluent in English and French.<\/p>\n<p><span style=\"color: #27b889;\">carlborn@acumass.com<\/span><\/p>\n<p>[\/vc_column_text][\/vc_column_inner][\/vc_row_inner][\/vc_column][\/vc_row][vc_row row_type=&#8221;row&#8221; use_row_as_full_screen_section=&#8221;no&#8221; type=&#8221;grid&#8221; angled_section=&#8221;no&#8221; text_align=&#8221;left&#8221; background_image_as_pattern=&#8221;without_pattern&#8221; css_animation=&#8221;&#8221; css=&#8221;.vc_custom_1453290674134{margin-top: 100px !important;margin-right: 15px !important;margin-bottom: 100px !important;margin-left: 15px !important;}&#8221;][vc_column width=&#8221;1\/3&#8243; el_class=&#8221;officeoo&#8221;][vc_single_image image=&#8221;552&#8243; img_size=&#8221;medium&#8221; alignment=&#8221;center&#8221; qode_css_animation=&#8221;&#8221;][\/vc_column][vc_column width=&#8221;2\/3&#8243;][vc_row_inner row_type=&#8221;row&#8221; type=&#8221;full_width&#8221; text_align=&#8221;left&#8221; css_animation=&#8221;&#8221;][vc_column_inner][vc_column_text el_class=&#8221;descblock&#8221;]<\/p>\n<h2><span lang=\"SV\" style=\"color: #6b6b6b;\">Sylvie Destenave<\/span><\/h2>\n<h3><span lang=\"EN-US\" style=\"color: #828282;\">COO of Acumass<\/span><\/h3>\n<p>Mrs. Destenave is a trained lawyer and responsible for the patent and trademark departments.<\/p>\n<p><span style=\"color: #27b889;\">destenave@acumass.com<\/span>[\/vc_column_text][\/vc_column_inner][\/vc_row_inner][\/vc_column][\/vc_row][vc_row row_type=&#8221;row&#8221; use_row_as_full_screen_section=&#8221;no&#8221; type=&#8221;grid&#8221; angled_section=&#8221;no&#8221; text_align=&#8221;left&#8221; background_image_as_pattern=&#8221;without_pattern&#8221; css_animation=&#8221;&#8221; css=&#8221;.vc_custom_1453478779510{margin-top: 100px !important;margin-right: 15px !important;margin-bottom: 100px !important;margin-left: 15px !important;}&#8221;][vc_column width=&#8221;1\/3&#8243; el_class=&#8221;officeoo&#8221;][vc_single_image image=&#8221;1307&#8243; img_size=&#8221;medium&#8221; alignment=&#8221;center&#8221; qode_css_animation=&#8221;&#8221;][\/vc_column][vc_column width=&#8221;2\/3&#8243;][vc_row_inner row_type=&#8221;row&#8221; type=&#8221;full_width&#8221; text_align=&#8221;left&#8221; css_animation=&#8221;&#8221;][vc_column_inner][vc_column_text el_class=&#8221;descblock&#8221;]<\/p>\n<h2><span lang=\"SV\" style=\"color: #6b6b6b;\">Sean Manley<\/span><\/h2>\n<h3><span lang=\"EN-US\" style=\"color: #828282;\">New Business Development<\/span><\/h3>\n<p>A seasoned sales professional with 11 years of solid experience, Sean brings us a unique perspective to the US operations.<\/p>\n<p><span style=\"color: #27b889;\">manley@acumass.com<\/span>[\/vc_column_text][\/vc_column_inner][\/vc_row_inner][\/vc_column][\/vc_row][vc_row row_type=&#8221;row&#8221; use_row_as_full_screen_section=&#8221;no&#8221; type=&#8221;grid&#8221; angled_section=&#8221;no&#8221; text_align=&#8221;left&#8221; background_image_as_pattern=&#8221;without_pattern&#8221; css_animation=&#8221;&#8221; css=&#8221;.vc_custom_1453478779510{margin-top: 100px !important;margin-right: 15px !important;margin-bottom: 100px !important;margin-left: 15px !important;}&#8221;][vc_column width=&#8221;1\/3&#8243; el_class=&#8221;officeoo&#8221;][vc_single_image image=&#8221;1387&#8243; img_size=&#8221;medium&#8221; alignment=&#8221;center&#8221; qode_css_animation=&#8221;&#8221;][\/vc_column][vc_column width=&#8221;2\/3&#8243;][vc_row_inner row_type=&#8221;row&#8221; type=&#8221;full_width&#8221; text_align=&#8221;left&#8221; css_animation=&#8221;&#8221;][vc_column_inner][vc_column_text el_class=&#8221;descblock&#8221;]<\/p>\n<h2><span lang=\"SV\" style=\"color: #6b6b6b;\">J\u00e9r\u00e9mie Ferri\u00e8res<\/span><\/h2>\n<h3><span lang=\"EN-US\" style=\"color: #828282;\">Head of Outsourcing Solutions<\/span><\/h3>\n<p>Prior to assuming his position as Head of Outsourcing Solutions in 2013, Ferri\u00e8res had worked for our affiliated companies for over a decade \u2013 Ferri\u00e8res brings a vast amount of valuable experience to his role.<\/p>\n<p><span style=\"color: #27b889;\">Ferrieres@acumass.com<\/span>[\/vc_column_text][\/vc_column_inner][\/vc_row_inner][\/vc_column][\/vc_row]<\/p>\n","protected":false},"excerpt":{"rendered":"<p>[vc_row row_type=&#8221;row&#8221; use_row_as_full_screen_section=&#8221;no&#8221; type=&#8221;full_width&#8221; angled_section=&#8221;no&#8221; text_align=&#8221;left&#8221; background_image=&#8221;720&#8243; background_image_as_pattern=&#8221;without_pattern&#8221; css_animation=&#8221;&#8221; css=&#8221;.vc_custom_1453807663642{margin-bottom: 25px !important;}&#8221;][vc_column][vc_column_text css=&#8221;.vc_custom_1454350316551{padding-top: 100px !important;padding-right: 10px !important;padding-bottom: 100px !important;padding-left: 10px&#8230;<\/p>\n","protected":false},"author":4,"featured_media":0,"parent":0,"menu_order":0,"comment_status":"closed","ping_status":"closed","template":"full_width.php","meta":{"_monsterinsights_skip_tracking":false,"_monsterinsights_sitenote_active":false,"_monsterinsights_sitenote_note":"","_monsterinsights_sitenote_category":0},"yoast_head":"<!-- This site is optimized with the Yoast SEO plugin v17.5 - https:\/\/yoast.com\/wordpress\/plugins\/seo\/ -->\n<meta name=\"description\" content=\"Patent annuity - Trademark renewal - Maintenance of industrial property rights\" \/>\n<meta name=\"robots\" content=\"index, follow, max-snippet:-1, max-image-preview:large, max-video-preview:-1\" \/>\n<link rel=\"canonical\" href=\"https:\/\/acumass.com\/en\/team\/\" \/>\n<meta name=\"twitter:card\" content=\"summary\" \/>\n<meta name=\"twitter:title\" content=\"Team - Acumass\" \/>\n<meta name=\"twitter:description\" content=\"Patent annuity - Trademark renewal - Maintenance of industrial property rights\" \/>\n<meta name=\"twitter:site\" content=\"@Acumass\" \/>\n<meta name=\"twitter:label1\" content=\"Est. reading time\" \/>\n\t<meta name=\"twitter:data1\" content=\"2 minutes\" \/>\n<script type=\"application\/ld+json\" class=\"yoast-schema-graph\">{\"@context\":\"https:\/\/schema.org\",\"@graph\":[{\"@type\":\"Organization\",\"@id\":\"https:\/\/acumass.com\/fr\/#organization\",\"name\":\"Acumass\",\"url\":\"https:\/\/acumass.com\/fr\/\",\"sameAs\":[\"https:\/\/www.facebook.com\/Acumass\/\",\"https:\/\/www.instagram.com\/acumass_iprenewals\/?hl=en\",\"https:\/\/www.linkedin.com\/company\/acumass\",\"https:\/\/www.youtube.com\/channel\/UCuWuTEyRA-FhA4WHj7UbErg\",\"https:\/\/twitter.com\/Acumass\"],\"logo\":{\"@type\":\"ImageObject\",\"@id\":\"https:\/\/acumass.com\/fr\/#logo\",\"inLanguage\":\"en-US\",\"url\":\"https:\/\/acumass.com\/wp-content\/uploads\/2016\/02\/Acumass-login.png\",\"contentUrl\":\"https:\/\/acumass.com\/wp-content\/uploads\/2016\/02\/Acumass-login.png\",\"width\":320,\"height\":180,\"caption\":\"Acumass\"},\"image\":{\"@id\":\"https:\/\/acumass.com\/fr\/#logo\"}},{\"@type\":\"WebSite\",\"@id\":\"https:\/\/acumass.com\/fr\/#website\",\"url\":\"https:\/\/acumass.com\/fr\/\",\"name\":\"Acumass\",\"description\":\"Professional maintenance of intellectual property renewal payments.\",\"publisher\":{\"@id\":\"https:\/\/acumass.com\/fr\/#organization\"},\"potentialAction\":[{\"@type\":\"SearchAction\",\"target\":{\"@type\":\"EntryPoint\",\"urlTemplate\":\"https:\/\/acumass.com\/fr\/?s={search_term_string}\"},\"query-input\":\"required name=search_term_string\"}],\"inLanguage\":\"en-US\"},{\"@type\":\"WebPage\",\"@id\":\"https:\/\/acumass.com\/en\/team\/#webpage\",\"url\":\"https:\/\/acumass.com\/en\/team\/\",\"name\":\"Team - Acumass\",\"isPartOf\":{\"@id\":\"https:\/\/acumass.com\/fr\/#website\"},\"datePublished\":\"2016-01-20T09:28:20+00:00\",\"dateModified\":\"2021-09-08T10:19:29+00:00\",\"description\":\"Patent annuity - Trademark renewal - Maintenance of industrial property rights\",\"breadcrumb\":{\"@id\":\"https:\/\/acumass.com\/en\/team\/#breadcrumb\"},\"inLanguage\":\"en-US\",\"potentialAction\":[{\"@type\":\"ReadAction\",\"target\":[\"https:\/\/acumass.com\/en\/team\/\"]}]},{\"@type\":\"BreadcrumbList\",\"@id\":\"https:\/\/acumass.com\/en\/team\/#breadcrumb\",\"itemListElement\":[{\"@type\":\"ListItem\",\"position\":1,\"name\":\"Home\",\"item\":\"https:\/\/acumass.com\/en\/\"},{\"@type\":\"ListItem\",\"position\":2,\"name\":\"Team\"}]}]}<\/script>\n<!-- \/ Yoast SEO plugin. -->","yoast_head_json":{"description":"Patent annuity - Trademark renewal - Maintenance of industrial property rights","robots":{"index":"index","follow":"follow","max-snippet":"max-snippet:-1","max-image-preview":"max-image-preview:large","max-video-preview":"max-video-preview:-1"},"canonical":"https:\/\/acumass.com\/en\/team\/","twitter_card":"summary","twitter_title":"Team - Acumass","twitter_description":"Patent annuity - Trademark renewal - Maintenance of industrial property rights","twitter_site":"@Acumass","twitter_misc":{"Est. reading time":"2 minutes"},"schema":{"@context":"https:\/\/schema.org","@graph":[{"@type":"Organization","@id":"https:\/\/acumass.com\/fr\/#organization","name":"Acumass","url":"https:\/\/acumass.com\/fr\/","sameAs":["https:\/\/www.facebook.com\/Acumass\/","https:\/\/www.instagram.com\/acumass_iprenewals\/?hl=en","https:\/\/www.linkedin.com\/company\/acumass","https:\/\/www.youtube.com\/channel\/UCuWuTEyRA-FhA4WHj7UbErg","https:\/\/twitter.com\/Acumass"],"logo":{"@type":"ImageObject","@id":"https:\/\/acumass.com\/fr\/#logo","inLanguage":"en-US","url":"https:\/\/acumass.com\/wp-content\/uploads\/2016\/02\/Acumass-login.png","contentUrl":"https:\/\/acumass.com\/wp-content\/uploads\/2016\/02\/Acumass-login.png","width":320,"height":180,"caption":"Acumass"},"image":{"@id":"https:\/\/acumass.com\/fr\/#logo"}},{"@type":"WebSite","@id":"https:\/\/acumass.com\/fr\/#website","url":"https:\/\/acumass.com\/fr\/","name":"Acumass","description":"Professional maintenance of intellectual property renewal payments.","publisher":{"@id":"https:\/\/acumass.com\/fr\/#organization"},"potentialAction":[{"@type":"SearchAction","target":{"@type":"EntryPoint","urlTemplate":"https:\/\/acumass.com\/fr\/?s={search_term_string}"},"query-input":"required name=search_term_string"}],"inLanguage":"en-US"},{"@type":"WebPage","@id":"https:\/\/acumass.com\/en\/team\/#webpage","url":"https:\/\/acumass.com\/en\/team\/","name":"Team - Acumass","isPartOf":{"@id":"https:\/\/acumass.com\/fr\/#website"},"datePublished":"2016-01-20T09:28:20+00:00","dateModified":"2021-09-08T10:19:29+00:00","description":"Patent annuity - Trademark renewal - Maintenance of industrial property rights","breadcrumb":{"@id":"https:\/\/acumass.com\/en\/team\/#breadcrumb"},"inLanguage":"en-US","potentialAction":[{"@type":"ReadAction","target":["https:\/\/acumass.com\/en\/team\/"]}]},{"@type":"BreadcrumbList","@id":"https:\/\/acumass.com\/en\/team\/#breadcrumb","itemListElement":[{"@type":"ListItem","position":1,"name":"Home","item":"https:\/\/acumass.com\/en\/"},{"@type":"ListItem","position":2,"name":"Team"}]}]}},"_links":{"self":[{"href":"https:\/\/acumass.com\/en\/wp-json\/wp\/v2\/pages\/548"}],"collection":[{"href":"https:\/\/acumass.com\/en\/wp-json\/wp\/v2\/pages"}],"about":[{"href":"https:\/\/acumass.com\/en\/wp-json\/wp\/v2\/types\/page"}],"author":[{"embeddable":true,"href":"https:\/\/acumass.com\/en\/wp-json\/wp\/v2\/users\/4"}],"replies":[{"embeddable":true,"href":"https:\/\/acumass.com\/en\/wp-json\/wp\/v2\/comments?post=548"}],"version-history":[{"count":68,"href":"https:\/\/acumass.com\/en\/wp-json\/wp\/v2\/pages\/548\/revisions"}],"predecessor-version":[{"id":3435,"href":"https:\/\/acumass.com\/en\/wp-json\/wp\/v2\/pages\/548\/revisions\/3435"}],"wp:attachment":[{"href":"https:\/\/acumass.com\/en\/wp-json\/wp\/v2\/media?parent=548"}],"curies":[{"name":"wp","href":"https:\/\/api.w.org\/{rel}","templated":true}]}}